{"id":2336,"date":"2023-03-10T10:39:57","date_gmt":"2023-03-10T10:39:57","guid":{"rendered":"https:\/\/demosites.royal-elementor-addons.com\/digital-marketing-agency-v2\/?page_id=2336"},"modified":"2025-09-12T13:16:00","modified_gmt":"2025-09-12T13:16:00","slug":"micuenta","status":"publish","type":"page","link":"https:\/\/www.educaierchile.cl\/index.php\/micuenta\/","title":{"rendered":"Mi Cuenta"},"content":{"rendered":"\t\t<div data-elementor-type=\"wp-page\" data-elementor-id=\"2336\" class=\"elementor elementor-2336\" data-elementor-post-type=\"page\">\n\t\t\t\t\t\t<section class=\"elementor-section elementor-top-section elementor-element elementor-element-1254c32 elementor-section-boxed elementor-section-height-default elementor-section-height-default wpr-particle-no wpr-jarallax-no wpr-parallax-no wpr-sticky-section-no\" data-id=\"1254c32\" data-element_type=\"section\" data-e-type=\"section\">\n\t\t\t\t\t\t<div class=\"elementor-container elementor-column-gap-default\">\n\t\t\t\t\t<div class=\"elementor-column elementor-col-100 elementor-top-column elementor-element elementor-element-ad2622e\" data-id=\"ad2622e\" data-element_type=\"column\" data-e-type=\"column\">\n\t\t\t<div class=\"elementor-widget-wrap elementor-element-populated\">\n\t\t\t\t\t\t<div class=\"elementor-element elementor-element-4c8a6b3 wpr-my-account-tabs-vertical elementor-widget elementor-widget-wpr-my-account-pro\" data-id=\"4c8a6b3\" data-element_type=\"widget\" data-e-type=\"widget\" data-settings=\"{&quot;tab_transition_duration&quot;:0.5}\" data-widget_type=\"wpr-my-account-pro.default\">\n\t\t\t\t<div class=\"elementor-widget-container\">\n\t\t\t\t\t\t\t<div class=\"wpr-my-account-tab wpr-my-account-tab__\">\r\n\t\t\t<div class=\"woocommerce\"><\/div>\t\t<\/div>\r\n\t\t\t\t\t\t<\/div>\n\t\t\t\t<\/div>\n\t\t\t\t\t<\/div>\n\t\t<\/div>\n\t\t\t\t\t<\/div>\n\t\t<\/section>\n\t\t\t\t<\/div>\n\t\t","protected":false},"excerpt":{"rendered":"<p>Dashboard Orders Downloads Addresses Account Details Logout Wishlist Hola admin (\u00bfno eres admin? Cerrar sesi\u00f3n) Desde el escritorio de tu cuenta puedes ver tus pedidos recientes, gestionar tus direcciones de env\u00edo y facturaci\u00f3n y editar tu contrase\u00f1a y los detalles de tu cuenta.<\/p>\n","protected":false},"author":1,"featured_media":0,"parent":0,"menu_order":0,"comment_status":"closed","ping_status":"closed","template":"elementor_canvas","meta":{"footnotes":""},"class_list":["post-2336","page","type-page","status-publish","hentry"],"yoast_head":"<!-- This site is optimized with the Yoast SEO plugin v25.9 - https:\/\/yoast.com\/wordpress\/plugins\/seo\/ -->\n<title>Mi Cuenta - Educa IER Chile<\/title>\n<meta name=\"robots\" content=\"index, follow, max-snippet:-1, max-image-preview:large, max-video-preview:-1\" \/>\n<link rel=\"canonical\" href=\"https:\/\/www.educaierchile.cl\/index.php\/micuenta\/\" \/>\n<meta property=\"og:locale\" content=\"es_ES\" \/>\n<meta property=\"og:type\" content=\"article\" \/>\n<meta property=\"og:title\" content=\"Mi Cuenta - Educa IER Chile\" \/>\n<meta property=\"og:description\" content=\"Dashboard Orders Downloads Addresses Account Details Logout Wishlist Hola admin (\u00bfno eres admin? Cerrar sesi\u00f3n) Desde el escritorio de tu cuenta puedes ver tus pedidos recientes, gestionar tus direcciones de env\u00edo y facturaci\u00f3n y editar tu contrase\u00f1a y los detalles de tu cuenta.\" \/>\n<meta property=\"og:url\" content=\"https:\/\/www.educaierchile.cl\/index.php\/micuenta\/\" \/>\n<meta property=\"og:site_name\" content=\"Educa IER Chile\" \/>\n<meta property=\"article:modified_time\" content=\"2025-09-12T13:16:00+00:00\" \/>\n<meta name=\"twitter:card\" content=\"summary_large_image\" \/>\n<meta name=\"twitter:label1\" content=\"Tiempo de lectura\" \/>\n\t<meta name=\"twitter:data1\" content=\"1 minuto\" \/>\n<script type=\"application\/ld+json\" class=\"yoast-schema-graph\">{\"@context\":\"https:\/\/schema.org\",\"@graph\":[{\"@type\":\"WebPage\",\"@id\":\"https:\/\/www.educaierchile.cl\/index.php\/micuenta\/\",\"url\":\"https:\/\/www.educaierchile.cl\/index.php\/micuenta\/\",\"name\":\"Mi Cuenta - Educa IER Chile\",\"isPartOf\":{\"@id\":\"https:\/\/www.educaierchile.cl\/#website\"},\"datePublished\":\"2023-03-10T10:39:57+00:00\",\"dateModified\":\"2025-09-12T13:16:00+00:00\",\"breadcrumb\":{\"@id\":\"https:\/\/www.educaierchile.cl\/index.php\/micuenta\/#breadcrumb\"},\"inLanguage\":\"es\",\"potentialAction\":[{\"@type\":\"ReadAction\",\"target\":[\"https:\/\/www.educaierchile.cl\/index.php\/micuenta\/\"]}]},{\"@type\":\"BreadcrumbList\",\"@id\":\"https:\/\/www.educaierchile.cl\/index.php\/micuenta\/#breadcrumb\",\"itemListElement\":[{\"@type\":\"ListItem\",\"position\":1,\"name\":\"Portada\",\"item\":\"https:\/\/www.educaierchile.cl\/\"},{\"@type\":\"ListItem\",\"position\":2,\"name\":\"Mi Cuenta\"}]},{\"@type\":\"WebSite\",\"@id\":\"https:\/\/www.educaierchile.cl\/#website\",\"url\":\"https:\/\/www.educaierchile.cl\/\",\"name\":\"Educa IER Chile\",\"description\":\"Otec\",\"publisher\":{\"@id\":\"https:\/\/www.educaierchile.cl\/#organization\"},\"potentialAction\":[{\"@type\":\"SearchAction\",\"target\":{\"@type\":\"EntryPoint\",\"urlTemplate\":\"https:\/\/www.educaierchile.cl\/?s={search_term_string}\"},\"query-input\":{\"@type\":\"PropertyValueSpecification\",\"valueRequired\":true,\"valueName\":\"search_term_string\"}}],\"inLanguage\":\"es\"},{\"@type\":\"Organization\",\"@id\":\"https:\/\/www.educaierchile.cl\/#organization\",\"name\":\"Educa IER Chile\",\"url\":\"https:\/\/www.educaierchile.cl\/\",\"logo\":{\"@type\":\"ImageObject\",\"inLanguage\":\"es\",\"@id\":\"https:\/\/www.educaierchile.cl\/#\/schema\/logo\/image\/\",\"url\":\"https:\/\/www.educaierchile.cl\/wp-content\/uploads\/2021\/12\/ierchile.png\",\"contentUrl\":\"https:\/\/www.educaierchile.cl\/wp-content\/uploads\/2021\/12\/ierchile.png\",\"width\":500,\"height\":500,\"caption\":\"Educa IER Chile\"},\"image\":{\"@id\":\"https:\/\/www.educaierchile.cl\/#\/schema\/logo\/image\/\"}}]}<\/script>\n<!-- \/ Yoast SEO plugin. -->","yoast_head_json":{"title":"Mi Cuenta - Educa IER Chile","robots":{"index":"index","follow":"follow","max-snippet":"max-snippet:-1","max-image-preview":"max-image-preview:large","max-video-preview":"max-video-preview:-1"},"canonical":"https:\/\/www.educaierchile.cl\/index.php\/micuenta\/","og_locale":"es_ES","og_type":"article","og_title":"Mi Cuenta - Educa IER Chile","og_description":"Dashboard Orders Downloads Addresses Account Details Logout Wishlist Hola admin (\u00bfno eres admin? Cerrar sesi\u00f3n) Desde el escritorio de tu cuenta puedes ver tus pedidos recientes, gestionar tus direcciones de env\u00edo y facturaci\u00f3n y editar tu contrase\u00f1a y los detalles de tu cuenta.","og_url":"https:\/\/www.educaierchile.cl\/index.php\/micuenta\/","og_site_name":"Educa IER Chile","article_modified_time":"2025-09-12T13:16:00+00:00","twitter_card":"summary_large_image","twitter_misc":{"Tiempo de lectura":"1 minuto"},"schema":{"@context":"https:\/\/schema.org","@graph":[{"@type":"WebPage","@id":"https:\/\/www.educaierchile.cl\/index.php\/micuenta\/","url":"https:\/\/www.educaierchile.cl\/index.php\/micuenta\/","name":"Mi Cuenta - Educa IER Chile","isPartOf":{"@id":"https:\/\/www.educaierchile.cl\/#website"},"datePublished":"2023-03-10T10:39:57+00:00","dateModified":"2025-09-12T13:16:00+00:00","breadcrumb":{"@id":"https:\/\/www.educaierchile.cl\/index.php\/micuenta\/#breadcrumb"},"inLanguage":"es","potentialAction":[{"@type":"ReadAction","target":["https:\/\/www.educaierchile.cl\/index.php\/micuenta\/"]}]},{"@type":"BreadcrumbList","@id":"https:\/\/www.educaierchile.cl\/index.php\/micuenta\/#breadcrumb","itemListElement":[{"@type":"ListItem","position":1,"name":"Portada","item":"https:\/\/www.educaierchile.cl\/"},{"@type":"ListItem","position":2,"name":"Mi Cuenta"}]},{"@type":"WebSite","@id":"https:\/\/www.educaierchile.cl\/#website","url":"https:\/\/www.educaierchile.cl\/","name":"Educa IER Chile","description":"Otec","publisher":{"@id":"https:\/\/www.educaierchile.cl\/#organization"},"potentialAction":[{"@type":"SearchAction","target":{"@type":"EntryPoint","urlTemplate":"https:\/\/www.educaierchile.cl\/?s={search_term_string}"},"query-input":{"@type":"PropertyValueSpecification","valueRequired":true,"valueName":"search_term_string"}}],"inLanguage":"es"},{"@type":"Organization","@id":"https:\/\/www.educaierchile.cl\/#organization","name":"Educa IER Chile","url":"https:\/\/www.educaierchile.cl\/","logo":{"@type":"ImageObject","inLanguage":"es","@id":"https:\/\/www.educaierchile.cl\/#\/schema\/logo\/image\/","url":"https:\/\/www.educaierchile.cl\/wp-content\/uploads\/2021\/12\/ierchile.png","contentUrl":"https:\/\/www.educaierchile.cl\/wp-content\/uploads\/2021\/12\/ierchile.png","width":500,"height":500,"caption":"Educa IER Chile"},"image":{"@id":"https:\/\/www.educaierchile.cl\/#\/schema\/logo\/image\/"}}]}},"acf":[],"_links":{"self":[{"href":"https:\/\/www.educaierchile.cl\/index.php\/wp-json\/wp\/v2\/pages\/2336","targetHints":{"allow":["GET"]}}],"collection":[{"href":"https:\/\/www.educaierchile.cl\/index.php\/wp-json\/wp\/v2\/pages"}],"about":[{"href":"https:\/\/www.educaierchile.cl\/index.php\/wp-json\/wp\/v2\/types\/page"}],"author":[{"embeddable":true,"href":"https:\/\/www.educaierchile.cl\/index.php\/wp-json\/wp\/v2\/users\/1"}],"replies":[{"embeddable":true,"href":"https:\/\/www.educaierchile.cl\/index.php\/wp-json\/wp\/v2\/comments?post=2336"}],"version-history":[{"count":4,"href":"https:\/\/www.educaierchile.cl\/index.php\/wp-json\/wp\/v2\/pages\/2336\/revisions"}],"predecessor-version":[{"id":36822,"href":"https:\/\/www.educaierchile.cl\/index.php\/wp-json\/wp\/v2\/pages\/2336\/revisions\/36822"}],"wp:attachment":[{"href":"https:\/\/www.educaierchile.cl\/index.php\/wp-json\/wp\/v2\/media?parent=2336"}],"curies":[{"name":"wp","href":"https:\/\/api.w.org\/{rel}","templated":true}]}}